{"id":1192,"date":"2022-03-14T11:24:39","date_gmt":"2022-03-14T10:24:39","guid":{"rendered":"https:\/\/maisonevrard.com\/?page_id=1192"},"modified":"2024-05-21T19:03:55","modified_gmt":"2024-05-21T17:03:55","slug":"mentions-legales","status":"publish","type":"page","link":"https:\/\/maisonevrard.com\/conseils\/mentions-legales\/","title":{"rendered":"Mentions L\u00e9gales"},"content":{"rendered":"\t\t<div data-elementor-type=\"wp-page\" data-elementor-id=\"1192\" class=\"elementor elementor-1192\">\n\t\t\t\t\t\t<section class=\"elementor-section elementor-top-section elementor-element elementor-element-3a254b9 elementor-section-boxed elementor-section-height-default elementor-section-height-default\" data-id=\"3a254b9\" data-element_type=\"section\" data-settings=\"{&quot;jet_parallax_layout_list&quot;:[],&quot;background_background&quot;:&quot;classic&quot;}\">\n\t\t\t\t\t\t<div class=\"elementor-container elementor-column-gap-default\">\n\t\t\t\t\t<div class=\"elementor-column elementor-col-100 elementor-top-column elementor-element elementor-element-64a5b59\" data-id=\"64a5b59\" data-element_type=\"column\" data-settings=\"{&quot;background_background&quot;:&quot;classic&quot;}\">\n\t\t\t<div class=\"elementor-widget-wrap elementor-element-populated\">\n\t\t\t\t\t\t<div class=\"elementor-element elementor-element-c772e5d elementor-widget elementor-widget-text-editor\" data-id=\"c772e5d\" data-element_type=\"widget\" data-widget_type=\"text-editor.default\">\n\t\t\t\t<div class=\"elementor-widget-container\">\n\t\t\t\t\t\t\t\t\t<h1 class=\" text-left border-title\">Mentions l\u00e9gales<\/h1><div class=\"w100 clearfix\"><h3>www.maisonevrard.com<\/h3><p><strong>Nom du site :<\/strong>\u00a0Maison Evrard<br \/><strong>Email :<\/strong>\u00a0contact@maisonevrard.com<br \/><strong>Adresse :<\/strong>\u00a0374 Rue L\u00e9on Gambetta, 59000 Lille &#8211; France<br \/><strong>T\u00e9l. :<\/strong>\u00a003 28 38 07 00<\/p><p><strong>Soci\u00e9t\u00e9 :<\/strong>\u00a0SARL France Chris &#8211; Lille Metropole B 481 987 741<br \/><strong>Siret :\u00a0<\/strong>48198774100016 &#8211;\u00a0<strong>Code APE :<\/strong>\u00a04722Z<br \/><strong>Capital :\u00a0<\/strong>200 000 \u20ac<\/p><p><strong>Responsable de publication :<\/strong>\u00a0Fran\u00e7ois EVRARD<\/p><p><strong>Cr\u00e9ation site internet, webdesign, d\u00e9veloppement :<\/strong> <a href=\"https:\/\/amazeinweb.com\">Amazeinweb<\/a> | <a href=\"https:\/\/eyedoll.fr\">EyEdoll<\/a><br \/><strong>H\u00e9bergement :<\/strong>\u00a0OVH SA &#8211; Roubaix Tourcoing &#8211; SIRET : 424 761 419<\/p><hr \/><h3>PROPRI\u00c9T\u00c9 INTELLECTUELLE<\/h3><p>L&rsquo;ensemble de ce site rel\u00e8ve de la l\u00e9gislation fran\u00e7aise et internationale sur le droit d&rsquo;auteur et la propri\u00e9t\u00e9 intellectuelle.<br \/>La totalit\u00e9 des \u00e9l\u00e9ments du site www.maisonevrard.com, notamment les sources de programmation, textes, pr\u00e9sentations, illustration, photographies, arborescences et mise en forme sont la propri\u00e9t\u00e9 intellectuelle exclusive de leurs auteurs.<br \/>La reproduction, imbrications, diffusions ou rediffusions, de tout ou partie de ce site, est interdite conform\u00e9ment aux dispositions de l&rsquo;article L. 122-4 du Code de la propri\u00e9t\u00e9 intellectuelle.<br \/>Toute personne y proc\u00e9dant, sans pouvoir justifier d&rsquo;une autorisation pr\u00e9alable et expresse du d\u00e9tenteur de ces droits, encourt les peines relatives au d\u00e9lit de contrefa\u00e7on pr\u00e9vues aux articles L. 335-2 et suivants du Code de la propri\u00e9t\u00e9 intellectuelle.<\/p><hr \/><h3>PROTECTION DE LA VIE PRIV\u00c9E<\/h3><p>Les informations personnelles collect\u00e9es par la soci\u00e9t\u00e9 Maison Evrard sont uniquement destin\u00e9es \u00e0 un usage interne. Aucune information personnelle n&rsquo;est c\u00e9d\u00e9e \u00e0 des tiers.<br \/>Vous disposez d&rsquo;un droit d&rsquo;acc\u00e8s, de modification et d&rsquo;opposition sur les donn\u00e9es nominatives collect\u00e9es vous concernant. Ces droits peuvent \u00eatre exerc\u00e9s en nous adressant votre demande par email.<\/p><hr \/><h3>COOKIES<\/h3><p>Les cookies sont des petits fichiers que l&rsquo;administrateur d&rsquo;un serveur installe sur l&rsquo;ordinateur de l&rsquo;utilisateur d&rsquo;un site via le navigateur Internet. Ils permettent de m\u00e9moriser des donn\u00e9es relatives \u00e0 la navigation sur le site par l&rsquo;utilisateur. Nous vous informons que nous utilisons des cookies. Les informations collect\u00e9es par nos cookies sont anonymes et exclusivement destin\u00e9es \u00e0 un usage interne de statistiques.<\/p><hr \/><h3>MODIFICATION DU SITE<\/h3><p>La soci\u00e9t\u00e9 Maison Evrard se r\u00e9serve le droit de modifier ou de corriger le contenu de ce site et cette mention l\u00e9gale \u00e0 tout moment et ceci sans pr\u00e9avis.<\/p><\/div>\t\t\t\t\t\t\t\t<\/div>\n\t\t\t\t<\/div>\n\t\t\t\t\t<\/div>\n\t\t<\/div>\n\t\t\t\t\t<\/div>\n\t\t<\/section>\n\t\t\t\t<\/div>\n\t\t","protected":false},"excerpt":{"rendered":"<p>Mentions l\u00e9gales www.maisonevrard.com Nom du site :\u00a0Maison EvrardEmail :\u00a0contact@maisonevrard.comAdresse :\u00a0374 Rue L\u00e9on Gambetta, 59000 Lille &#8211; FranceT\u00e9l. :\u00a003 28 38 07 00 Soci\u00e9t\u00e9 :\u00a0SARL France Chris &#8211; Lille Metropole B 481 987 741Siret :\u00a048198774100016 &#8211;\u00a0Code APE :\u00a04722ZCapital :\u00a0200 000 \u20ac Responsable de publication :\u00a0Fran\u00e7ois EVRARD Cr\u00e9ation site internet, webdesign, d\u00e9veloppement : Amazeinweb | EyEdollH\u00e9bergement :\u00a0OVH [&hellip;]<\/p>\n","protected":false},"author":2,"featured_media":28,"parent":0,"menu_order":0,"comment_status":"closed","ping_status":"closed","template":"elementor_header_footer","meta":{"_acf_changed":false,"footnotes":""},"class_list":["post-1192","page","type-page","status-publish","has-post-thumbnail","hentry"],"acf":[],"yoast_head":"<!-- This site is optimized with the Yoast SEO plugin v25.1 - https:\/\/yoast.com\/wordpress\/plugins\/seo\/ -->\n<title>Mentions L\u00e9gales - Maison Evrard<\/title>\n<meta name=\"description\" content=\"D\u00e9couvrez les mentions l\u00e9gales de Maison Evrard, incluant les informations sur l&#039;\u00e9diteur du site, l&#039;h\u00e9bergement, et les conditions d&#039;utilisation.\" \/>\n<meta name=\"robots\" content=\"index, follow, max-snippet:-1, max-image-preview:large, max-video-preview:-1\" \/>\n<link rel=\"canonical\" href=\"https:\/\/maisonevrard.com\/conseils\/mentions-legales\/\" \/>\n<meta property=\"og:locale\" content=\"fr_FR\" \/>\n<meta property=\"og:type\" content=\"article\" \/>\n<meta property=\"og:title\" content=\"Mentions L\u00e9gales - Maison Evrard\" \/>\n<meta property=\"og:description\" content=\"D\u00e9couvrez les mentions l\u00e9gales de Maison Evrard, incluant les informations sur l&#039;\u00e9diteur du site, l&#039;h\u00e9bergement, et les conditions d&#039;utilisation.\" \/>\n<meta property=\"og:url\" content=\"https:\/\/maisonevrard.com\/conseils\/mentions-legales\/\" \/>\n<meta property=\"og:site_name\" content=\"Fran\u00e7ois Evrard\" \/>\n<meta property=\"article:publisher\" content=\"https:\/\/www.facebook.com\/MaisonEvrard\" \/>\n<meta property=\"article:modified_time\" content=\"2024-05-21T17:03:55+00:00\" \/>\n<meta property=\"og:image\" content=\"https:\/\/maisonevrard.com\/conseils\/wp-content\/uploads\/2020\/09\/photo-article-blog-3-1000px.png\" \/>\n\t<meta property=\"og:image:width\" content=\"1153\" \/>\n\t<meta property=\"og:image:height\" content=\"791\" \/>\n\t<meta property=\"og:image:type\" content=\"image\/png\" \/>\n<meta name=\"twitter:card\" content=\"summary_large_image\" \/>\n<meta name=\"twitter:site\" content=\"@maisonevrard\" \/>\n<meta name=\"twitter:label1\" content=\"Dur\u00e9e de lecture estim\u00e9e\" \/>\n\t<meta name=\"twitter:data1\" content=\"2 minutes\" \/>\n<script type=\"application\/ld+json\" class=\"yoast-schema-graph\">{\"@context\":\"https:\/\/schema.org\",\"@graph\":[{\"@type\":\"WebPage\",\"@id\":\"https:\/\/maisonevrard.com\/conseils\/mentions-legales\/\",\"url\":\"https:\/\/maisonevrard.com\/conseils\/mentions-legales\/\",\"name\":\"Mentions L\u00e9gales - Maison Evrard\",\"isPartOf\":{\"@id\":\"https:\/\/maisonevrard.com\/conseils\/#website\"},\"primaryImageOfPage\":{\"@id\":\"https:\/\/maisonevrard.com\/conseils\/mentions-legales\/#primaryimage\"},\"image\":{\"@id\":\"https:\/\/maisonevrard.com\/conseils\/mentions-legales\/#primaryimage\"},\"thumbnailUrl\":\"https:\/\/maisonevrard.com\/conseils\/wp-content\/uploads\/2020\/09\/photo-article-blog-3-1000px.png\",\"datePublished\":\"2022-03-14T10:24:39+00:00\",\"dateModified\":\"2024-05-21T17:03:55+00:00\",\"description\":\"D\u00e9couvrez les mentions l\u00e9gales de Maison Evrard, incluant les informations sur l'\u00e9diteur du site, l'h\u00e9bergement, et les conditions d'utilisation.\",\"breadcrumb\":{\"@id\":\"https:\/\/maisonevrard.com\/conseils\/mentions-legales\/#breadcrumb\"},\"inLanguage\":\"fr-FR\",\"potentialAction\":[{\"@type\":\"ReadAction\",\"target\":[\"https:\/\/maisonevrard.com\/conseils\/mentions-legales\/\"]}]},{\"@type\":\"ImageObject\",\"inLanguage\":\"fr-FR\",\"@id\":\"https:\/\/maisonevrard.com\/conseils\/mentions-legales\/#primaryimage\",\"url\":\"https:\/\/maisonevrard.com\/conseils\/wp-content\/uploads\/2020\/09\/photo-article-blog-3-1000px.png\",\"contentUrl\":\"https:\/\/maisonevrard.com\/conseils\/wp-content\/uploads\/2020\/09\/photo-article-blog-3-1000px.png\",\"width\":1153,\"height\":791},{\"@type\":\"BreadcrumbList\",\"@id\":\"https:\/\/maisonevrard.com\/conseils\/mentions-legales\/#breadcrumb\",\"itemListElement\":[{\"@type\":\"ListItem\",\"position\":1,\"name\":\"Accueil\",\"item\":\"https:\/\/maisonevrard.com\/conseils\/\"},{\"@type\":\"ListItem\",\"position\":2,\"name\":\"Mentions L\u00e9gales\"}]},{\"@type\":\"WebSite\",\"@id\":\"https:\/\/maisonevrard.com\/conseils\/#website\",\"url\":\"https:\/\/maisonevrard.com\/conseils\/\",\"name\":\"Fran\u00e7ois Evrard\",\"description\":\"Viandes De Collection\",\"publisher\":{\"@id\":\"https:\/\/maisonevrard.com\/conseils\/#organization\"},\"alternateName\":\"Maison Evrard\",\"potentialAction\":[{\"@type\":\"SearchAction\",\"target\":{\"@type\":\"EntryPoint\",\"urlTemplate\":\"https:\/\/maisonevrard.com\/conseils\/?s={search_term_string}\"},\"query-input\":{\"@type\":\"PropertyValueSpecification\",\"valueRequired\":true,\"valueName\":\"search_term_string\"}}],\"inLanguage\":\"fr-FR\"},{\"@type\":\"Organization\",\"@id\":\"https:\/\/maisonevrard.com\/conseils\/#organization\",\"name\":\"Fran\u00e7ois Evrard\",\"url\":\"https:\/\/maisonevrard.com\/conseils\/\",\"logo\":{\"@type\":\"ImageObject\",\"inLanguage\":\"fr-FR\",\"@id\":\"https:\/\/maisonevrard.com\/conseils\/#\/schema\/logo\/image\/\",\"url\":\"https:\/\/maisonevrard.com\/wp-content\/uploads\/2020\/10\/Logo-francois-evrard-2024-texte-clair-fond-transparent.png\",\"contentUrl\":\"https:\/\/maisonevrard.com\/wp-content\/uploads\/2020\/10\/Logo-francois-evrard-2024-texte-clair-fond-transparent.png\",\"width\":2500,\"height\":970,\"caption\":\"Fran\u00e7ois Evrard\"},\"image\":{\"@id\":\"https:\/\/maisonevrard.com\/conseils\/#\/schema\/logo\/image\/\"},\"sameAs\":[\"https:\/\/www.facebook.com\/MaisonEvrard\",\"https:\/\/x.com\/maisonevrard\",\"https:\/\/www.instagram.com\/francois.evrard\/\"]}]}<\/script>\n<!-- \/ Yoast SEO plugin. -->","yoast_head_json":{"title":"Mentions L\u00e9gales - Maison Evrard","description":"D\u00e9couvrez les mentions l\u00e9gales de Maison Evrard, incluant les informations sur l'\u00e9diteur du site, l'h\u00e9bergement, et les conditions d'utilisation.","robots":{"index":"index","follow":"follow","max-snippet":"max-snippet:-1","max-image-preview":"max-image-preview:large","max-video-preview":"max-video-preview:-1"},"canonical":"https:\/\/maisonevrard.com\/conseils\/mentions-legales\/","og_locale":"fr_FR","og_type":"article","og_title":"Mentions L\u00e9gales - Maison Evrard","og_description":"D\u00e9couvrez les mentions l\u00e9gales de Maison Evrard, incluant les informations sur l'\u00e9diteur du site, l'h\u00e9bergement, et les conditions d'utilisation.","og_url":"https:\/\/maisonevrard.com\/conseils\/mentions-legales\/","og_site_name":"Fran\u00e7ois Evrard","article_publisher":"https:\/\/www.facebook.com\/MaisonEvrard","article_modified_time":"2024-05-21T17:03:55+00:00","og_image":[{"width":1153,"height":791,"url":"https:\/\/maisonevrard.com\/conseils\/wp-content\/uploads\/2020\/09\/photo-article-blog-3-1000px.png","type":"image\/png"}],"twitter_card":"summary_large_image","twitter_site":"@maisonevrard","twitter_misc":{"Dur\u00e9e de lecture estim\u00e9e":"2 minutes"},"schema":{"@context":"https:\/\/schema.org","@graph":[{"@type":"WebPage","@id":"https:\/\/maisonevrard.com\/conseils\/mentions-legales\/","url":"https:\/\/maisonevrard.com\/conseils\/mentions-legales\/","name":"Mentions L\u00e9gales - Maison Evrard","isPartOf":{"@id":"https:\/\/maisonevrard.com\/conseils\/#website"},"primaryImageOfPage":{"@id":"https:\/\/maisonevrard.com\/conseils\/mentions-legales\/#primaryimage"},"image":{"@id":"https:\/\/maisonevrard.com\/conseils\/mentions-legales\/#primaryimage"},"thumbnailUrl":"https:\/\/maisonevrard.com\/conseils\/wp-content\/uploads\/2020\/09\/photo-article-blog-3-1000px.png","datePublished":"2022-03-14T10:24:39+00:00","dateModified":"2024-05-21T17:03:55+00:00","description":"D\u00e9couvrez les mentions l\u00e9gales de Maison Evrard, incluant les informations sur l'\u00e9diteur du site, l'h\u00e9bergement, et les conditions d'utilisation.","breadcrumb":{"@id":"https:\/\/maisonevrard.com\/conseils\/mentions-legales\/#breadcrumb"},"inLanguage":"fr-FR","potentialAction":[{"@type":"ReadAction","target":["https:\/\/maisonevrard.com\/conseils\/mentions-legales\/"]}]},{"@type":"ImageObject","inLanguage":"fr-FR","@id":"https:\/\/maisonevrard.com\/conseils\/mentions-legales\/#primaryimage","url":"https:\/\/maisonevrard.com\/conseils\/wp-content\/uploads\/2020\/09\/photo-article-blog-3-1000px.png","contentUrl":"https:\/\/maisonevrard.com\/conseils\/wp-content\/uploads\/2020\/09\/photo-article-blog-3-1000px.png","width":1153,"height":791},{"@type":"BreadcrumbList","@id":"https:\/\/maisonevrard.com\/conseils\/mentions-legales\/#breadcrumb","itemListElement":[{"@type":"ListItem","position":1,"name":"Accueil","item":"https:\/\/maisonevrard.com\/conseils\/"},{"@type":"ListItem","position":2,"name":"Mentions L\u00e9gales"}]},{"@type":"WebSite","@id":"https:\/\/maisonevrard.com\/conseils\/#website","url":"https:\/\/maisonevrard.com\/conseils\/","name":"Fran\u00e7ois Evrard","description":"Viandes De Collection","publisher":{"@id":"https:\/\/maisonevrard.com\/conseils\/#organization"},"alternateName":"Maison Evrard","potentialAction":[{"@type":"SearchAction","target":{"@type":"EntryPoint","urlTemplate":"https:\/\/maisonevrard.com\/conseils\/?s={search_term_string}"},"query-input":{"@type":"PropertyValueSpecification","valueRequired":true,"valueName":"search_term_string"}}],"inLanguage":"fr-FR"},{"@type":"Organization","@id":"https:\/\/maisonevrard.com\/conseils\/#organization","name":"Fran\u00e7ois Evrard","url":"https:\/\/maisonevrard.com\/conseils\/","logo":{"@type":"ImageObject","inLanguage":"fr-FR","@id":"https:\/\/maisonevrard.com\/conseils\/#\/schema\/logo\/image\/","url":"https:\/\/maisonevrard.com\/wp-content\/uploads\/2020\/10\/Logo-francois-evrard-2024-texte-clair-fond-transparent.png","contentUrl":"https:\/\/maisonevrard.com\/wp-content\/uploads\/2020\/10\/Logo-francois-evrard-2024-texte-clair-fond-transparent.png","width":2500,"height":970,"caption":"Fran\u00e7ois Evrard"},"image":{"@id":"https:\/\/maisonevrard.com\/conseils\/#\/schema\/logo\/image\/"},"sameAs":["https:\/\/www.facebook.com\/MaisonEvrard","https:\/\/x.com\/maisonevrard","https:\/\/www.instagram.com\/francois.evrard\/"]}]}},"_links":{"self":[{"href":"https:\/\/maisonevrard.com\/conseils\/wp-json\/wp\/v2\/pages\/1192","targetHints":{"allow":["GET"]}}],"collection":[{"href":"https:\/\/maisonevrard.com\/conseils\/wp-json\/wp\/v2\/pages"}],"about":[{"href":"https:\/\/maisonevrard.com\/conseils\/wp-json\/wp\/v2\/types\/page"}],"author":[{"embeddable":true,"href":"https:\/\/maisonevrard.com\/conseils\/wp-json\/wp\/v2\/users\/2"}],"replies":[{"embeddable":true,"href":"https:\/\/maisonevrard.com\/conseils\/wp-json\/wp\/v2\/comments?post=1192"}],"version-history":[{"count":22,"href":"https:\/\/maisonevrard.com\/conseils\/wp-json\/wp\/v2\/pages\/1192\/revisions"}],"predecessor-version":[{"id":2188,"href":"https:\/\/maisonevrard.com\/conseils\/wp-json\/wp\/v2\/pages\/1192\/revisions\/2188"}],"wp:featuredmedia":[{"embeddable":true,"href":"https:\/\/maisonevrard.com\/conseils\/wp-json\/wp\/v2\/media\/28"}],"wp:attachment":[{"href":"https:\/\/maisonevrard.com\/conseils\/wp-json\/wp\/v2\/media?parent=1192"}],"curies":[{"name":"wp","href":"https:\/\/api.w.org\/{rel}","templated":true}]}}